{"id":5223,"date":"2023-07-07T11:46:33","date_gmt":"2023-07-07T11:46:33","guid":{"rendered":"https:\/\/www.torresdeselma.com\/?page_id=5223"},"modified":"2025-12-25T18:16:26","modified_gmt":"2025-12-25T18:16:26","slug":"terms-conditions-es","status":"publish","type":"page","link":"https:\/\/www.torresdeselma.com\/?page_id=5223&lang=es","title":{"rendered":"Terms &#038; Conditions &#8211; ES"},"content":{"rendered":"\t\t<div data-elementor-type=\"wp-page\" data-elementor-id=\"5223\" class=\"elementor elementor-5223\">\n\t\t\t\t\t\t\t\t\t<section class=\"elementor-section elementor-top-section elementor-element elementor-element-1f3be76 elementor-section-boxed elementor-section-height-default elementor-section-height-default\" data-id=\"1f3be76\" data-element_type=\"section\" data-settings=\"{&quot;background_background&quot;:&quot;classic&quot;}\">\n\t\t\t\t\t\t<div class=\"elementor-container elementor-column-gap-default\">\n\t\t\t\t\t<div class=\"elementor-column elementor-col-100 elementor-top-column elementor-element elementor-element-70ee85a animated-slow elementor-invisible\" data-id=\"70ee85a\" data-element_type=\"column\" data-settings=\"{&quot;motion_fx_motion_fx_scrolling&quot;:&quot;yes&quot;,&quot;motion_fx_translateY_effect&quot;:&quot;yes&quot;,&quot;motion_fx_translateY_speed&quot;:{&quot;unit&quot;:&quot;px&quot;,&quot;size&quot;:3.5,&quot;sizes&quot;:[]},&quot;motion_fx_translateY_affectedRange&quot;:{&quot;unit&quot;:&quot;%&quot;,&quot;size&quot;:&quot;&quot;,&quot;sizes&quot;:{&quot;start&quot;:14,&quot;end&quot;:91}},&quot;motion_fx_devices&quot;:[&quot;desktop&quot;],&quot;animation&quot;:&quot;fadeInUp&quot;,&quot;animation_delay&quot;:700}\">\n\t\t\t<div class=\"elementor-widget-wrap elementor-element-populated\">\n\t\t\t\t\t\t\t\t<div class=\"elementor-element elementor-element-49a9c00 elementor-widget elementor-widget-spacer\" data-id=\"49a9c00\" data-element_type=\"widget\" data-widget_type=\"spacer.default\">\n\t\t\t\t<div class=\"elementor-widget-container\">\n\t\t\t<style>\/*! elementor - v3.15.0 - 09-08-2023 *\/\n.elementor-column .elementor-spacer-inner{height:var(--spacer-size)}.e-con{--container-widget-width:100%}.e-con-inner>.elementor-widget-spacer,.e-con>.elementor-widget-spacer{width:var(--container-widget-width,var(--spacer-size));--align-self:var(--container-widget-align-self,initial);--flex-shrink:0}.e-con-inner>.elementor-widget-spacer>.elementor-widget-container,.e-con-inner>.elementor-widget-spacer>.elementor-widget-container>.elementor-spacer,.e-con>.elementor-widget-spacer>.elementor-widget-container,.e-con>.elementor-widget-spacer>.elementor-widget-container>.elementor-spacer{height:100%}.e-con-inner>.elementor-widget-spacer>.elementor-widget-container>.elementor-spacer>.elementor-spacer-inner,.e-con>.elementor-widget-spacer>.elementor-widget-container>.elementor-spacer>.elementor-spacer-inner{height:var(--container-widget-height,var(--spacer-size))}<\/style>\t\t<div class=\"elementor-spacer\">\n\t\t\t<div class=\"elementor-spacer-inner\"><\/div>\n\t\t<\/div>\n\t\t\t\t<\/div>\n\t\t\t\t<\/div>\n\t\t\t\t<div class=\"elementor-element elementor-element-408a2a8 elementor-widget elementor-widget-heading\" data-id=\"408a2a8\" data-element_type=\"widget\" data-widget_type=\"heading.default\">\n\t\t\t\t<div class=\"elementor-widget-container\">\n\t\t\t<style>\/*! elementor - v3.15.0 - 09-08-2023 *\/\n.elementor-heading-title{padding:0;margin:0;line-height:1}.elementor-widget-heading .elementor-heading-title[class*=elementor-size-]>a{color:inherit;font-size:inherit;line-height:inherit}.elementor-widget-heading .elementor-heading-title.elementor-size-small{font-size:15px}.elementor-widget-heading .elementor-heading-title.elementor-size-medium{font-size:19px}.elementor-widget-heading .elementor-heading-title.elementor-size-large{font-size:29px}.elementor-widget-heading .elementor-heading-title.elementor-size-xl{font-size:39px}.elementor-widget-heading .elementor-heading-title.elementor-size-xxl{font-size:59px}<\/style><h1 class=\"elementor-heading-title elementor-size-default\">T\u00e9rminos y Condiciones <\/h1>\t\t<\/div>\n\t\t\t\t<\/div>\n\t\t\t\t<div class=\"elementor-element elementor-element-f2fd817 elementor-widget elementor-widget-spacer\" data-id=\"f2fd817\" data-element_type=\"widget\" data-widget_type=\"spacer.default\">\n\t\t\t\t<div class=\"elementor-widget-container\">\n\t\t\t\t\t<div class=\"elementor-spacer\">\n\t\t\t<div class=\"elementor-spacer-inner\"><\/div>\n\t\t<\/div>\n\t\t\t\t<\/div>\n\t\t\t\t<\/div>\n\t\t\t\t\t<\/div>\n\t\t<\/div>\n\t\t\t\t\t\t\t<\/div>\n\t\t<\/section>\n\t\t\t\t<section class=\"elementor-section elementor-top-section elementor-element elementor-element-93dbe72 elementor-section-boxed elementor-section-height-default elementor-section-height-default\" data-id=\"93dbe72\" data-element_type=\"section\">\n\t\t\t\t\t\t<div class=\"elementor-container elementor-column-gap-default\">\n\t\t\t\t\t<div class=\"elementor-column elementor-col-100 elementor-top-column elementor-element elementor-element-ba6002b\" data-id=\"ba6002b\" data-element_type=\"column\">\n\t\t\t<div class=\"elementor-widget-wrap elementor-element-populated\">\n\t\t\t\t\t\t\t\t<section class=\"elementor-section elementor-inner-section elementor-element elementor-element-396d8ca elementor-section-boxed elementor-section-height-default elementor-section-height-default\" data-id=\"396d8ca\" data-element_type=\"section\">\n\t\t\t\t\t\t<div class=\"elementor-container elementor-column-gap-default\">\n\t\t\t\t\t<div class=\"elementor-column elementor-col-100 elementor-inner-column elementor-element elementor-element-73b93f4\" data-id=\"73b93f4\" data-element_type=\"column\">\n\t\t\t<div class=\"elementor-widget-wrap elementor-element-populated\">\n\t\t\t\t\t\t\t\t<div class=\"elementor-element elementor-element-3dd2507 elementor-widget elementor-widget-text-editor\" data-id=\"3dd2507\" data-element_type=\"widget\" data-widget_type=\"text-editor.default\">\n\t\t\t\t<div class=\"elementor-widget-container\">\n\t\t\t<style>\/*! elementor - v3.15.0 - 09-08-2023 *\/\n.elementor-widget-text-editor.elementor-drop-cap-view-stacked .elementor-drop-cap{background-color:#69727d;color:#fff}.elementor-widget-text-editor.elementor-drop-cap-view-framed .elementor-drop-cap{color:#69727d;border:3px solid;background-color:transparent}.elementor-widget-text-editor:not(.elementor-drop-cap-view-default) .elementor-drop-cap{margin-top:8px}.elementor-widget-text-editor:not(.elementor-drop-cap-view-default) .elementor-drop-cap-letter{width:1em;height:1em}.elementor-widget-text-editor .elementor-drop-cap{float:left;text-align:center;line-height:1;font-size:50px}.elementor-widget-text-editor .elementor-drop-cap-letter{display:inline-block}<\/style>\t\t\t\t<p class=\"p1\"><b>T\u00c9RMINOS Y CONDICIONES GENERALES<\/b><\/p><p class=\"p2\"><b>Torres de Selma SL<\/b><\/p><p>\u00a0<\/p><p class=\"p4\"><b>1. Objeto y \u00e1mbito de aplicaci\u00f3n<\/b><\/p><p class=\"p2\">1.1 Los presentes T\u00e9rminos y Condiciones Generales regulan todas las relaciones contractuales entre <b>Torres de Selma SL<\/b> (en adelante, \u201cTDS\u201d) y el cliente.<\/p><p class=\"p2\">1.2 Estos t\u00e9rminos se aplican a todas las estancias, tratamientos, eventos, retiros y dem\u00e1s servicios ofrecidos por TDS, ya sea directamente o a trav\u00e9s de terceros autorizados.<\/p><p class=\"p2\">1.3 Las presentes condiciones formar\u00e1n parte integrante de todo contrato celebrado entre TDS y el cliente.<\/p><p class=\"p2\">1.4 TDS podr\u00e1 modificar estos t\u00e9rminos, los cuales ser\u00e1n aplicables exclusivamente a nuevas reservas realizadas con posterioridad a su publicaci\u00f3n.<\/p><p class=\"p4\"><b>2. Definiciones<\/b><\/p><p class=\"p2\">Cliente: Persona f\u00edsica o jur\u00eddica que contrata una estancia, tratamiento o evento con TDS.<\/p><p class=\"p2\">Contrato: Acuerdo celebrado entre TDS y el cliente mediante confirmaci\u00f3n escrita, electr\u00f3nica o excepcionalmente telef\u00f3nica.<\/p><p class=\"p2\">Evento \/ Retiro: Curso, formaci\u00f3n, seminario, taller u otra actividad organizada.<\/p><p class=\"p2\">Precio del Paquete: Importe total a pagar por los servicios contratados.<\/p><p class=\"p2\">Estancia: Presencia f\u00edsica del cliente en las instalaciones de TDS.<\/p><p class=\"p2\">Tratamiento Ayurv\u00e9dico: Terapia complementaria de bienestar no sustitutiva de la medicina convencional.<\/p><p class=\"p4\"><b>3. Normas del Resort y Admisi\u00f3n<\/b><\/p><p class=\"p2\">3.1 El resort es <b>100% libre de humo<\/b>. Solo se sirven alimentos vegetarianos.<\/p><p class=\"p2\">3.2 La edad m\u00ednima para alojarse es de 18 a\u00f1os. Los menores solo podr\u00e1n acceder acompa\u00f1ados por un progenitor o tutor legal.<\/p><p class=\"p2\">3.3 Debido a la naturaleza hist\u00f3rica de los edificios y al terreno, el resort no es accesible para usuarios de silla de ruedas.<\/p><p class=\"p2\">3.4 El n\u00famero m\u00e1ximo de ocupantes por habitaci\u00f3n est\u00e1 estrictamente limitado.<\/p><p class=\"p2\">3.5 El cliente se compromete a respetar las normas internas y las indicaciones razonables del personal de TDS.<\/p><p class=\"p2\">3.6 En caso de comportamiento inadecuado o incumplimiento grave, TDS podr\u00e1 cancelar la estancia de forma inmediata, sin derecho a reembolso.<\/p><p class=\"p4\"><b>4. Servicios y Paquetes<\/b><\/p><p class=\"p2\">4.1 TDS ofrece:<\/p><p class=\"p2\">a) Paquetes de alojamiento (Bed &amp; Breakfast, m\u00ednimo dos noches);<\/p><p class=\"p2\">b) Paquetes de eventos y retiros;<\/p><p class=\"p2\">c) Paquetes de tratamientos Ayurv\u00e9dicos (disponibles a partir de medio de 2026).<\/p><p class=\"p2\">4.2 El contenido, disponibilidad y precios se detallan en <a href=\"http:\/\/www.torresdeselma.com\/\"><span class=\"s1\"><b>www.torresdeselma.com<\/b><\/span><\/a>.<\/p><p class=\"p4\"><b>5. Reservas y Pagos<\/b><\/p><p class=\"p2\">5.1 Todas las reservas deben realizarse con antelaci\u00f3n.<\/p><p class=\"p2\">5.2 La reserva solo se considerar\u00e1 confirmada tras la confirmaci\u00f3n escrita de TDS y la recepci\u00f3n del pago correspondiente.<\/p><p class=\"p2\">5.3 El pago deber\u00e1 efectuarse dentro del plazo indicado en la confirmaci\u00f3n. En caso de llegada en menos de 7 d\u00edas, el pago ser\u00e1 inmediato.<\/p><p class=\"p2\">5.4 La falta de pago dentro del plazo establecido dar\u00e1 lugar a la cancelaci\u00f3n autom\u00e1tica de la reserva.<\/p><p class=\"p4\"><b>6. Cancelaciones<\/b><\/p><p class=\"p5\">6.1 Cancelaci\u00f3n por parte del cliente<\/p><p class=\"p5\">a) M\u00e1s de 30 d\u00edas antes de la llegada: reembolso del 100%<\/p><p class=\"p5\">b) Entre 30 y 10 d\u00edas antes: reembolso del 50%<\/p><p class=\"p5\">c) Menos de 10 d\u00edas antes: no reembolso, salvo que el servicio sea revendido a un tercero<\/p><p class=\"p5\">6.2 Eventos y retiros exclusivos<\/p><p class=\"p5\">a) El 50% abonado como dep\u00f3sito tiene car\u00e1cter de gastos de reserva y exclusividad y no es reembolsable.<\/p><p class=\"p5\">b) El 50% restante deber\u00e1 abonarse 60 d\u00edas antes del inicio del evento.<\/p><p class=\"p2\">6.3 En casos excepcionales, TDS podr\u00e1 permitir el cambio de fechas, aplicando los importes ya abonados a la nueva fecha.<\/p><p class=\"p4\"><b>7. Llegada y Salida<\/b><\/p><p class=\"p2\">7.1 Check-in (B&amp;B): de 15:00 a 18:00<\/p><p class=\"p2\">7.2 Check-out: 10:00<\/p><p class=\"p2\">7.3 La salida tard\u00eda estar\u00e1 sujeta a disponibilidad y cargos adicionales.<\/p><p class=\"p2\">7.4 Los horarios de check-in y check-out est\u00e1n acordados en el contrato del retiro.<\/p><p class=\"p4\"><b>8. Precios e Impuestos<\/b><\/p><p class=\"p2\">8.1 Todos los precios incluyen IVA, salvo indicaci\u00f3n expresa, impuesto tur\u00edstico, como lo establece el municipio<\/p><p class=\"p2\">8.2 Los cambios en impuestos o tasas no dar\u00e1n derecho a la resoluci\u00f3n gratuita del contrato.<\/p><p class=\"p2\">8.3 Los precios no incluyen transporte al resort, salvo que se indique lo contrario.<\/p><p class=\"p4\"><b>9. Fuerza Mayor y Modificaciones<\/b><\/p><p class=\"p2\">9.1 TDS no ser\u00e1 responsable por incumplimientos debidos a causas de fuerza mayor, incluyendo, entre otras, pandemias, desastres naturales o restricciones gubernamentales.<\/p><p class=\"p2\">9.2 TDS podr\u00e1 modificar o cancelar eventos por causa justificada. En tal caso, el cliente tendr\u00e1 derecho a:<\/p><p class=\"p2\">a) reembolso completo, o<\/p><p class=\"p2\">b) reprogramaci\u00f3n, previo acuerdo.<\/p><p class=\"p4\"><b>10. Responsabilidad<\/b><\/p><p class=\"p2\">10.1 Nada en estos t\u00e9rminos excluye o limita la responsabilidad de TDS por da\u00f1os personales o fallecimiento causados por negligencia, ni cualquier responsabilidad que no pueda excluirse legalmente.<\/p><p class=\"p2\">10.2 TDS no ser\u00e1 responsable de p\u00e9rdidas, robos o da\u00f1os derivados de negligencia del cliente o causas ajenas a su control.<\/p><p class=\"p2\">10.3 Los tratamientos Ayurv\u00e9dicos son complementarios y no sustituyen tratamientos m\u00e9dicos. El cliente es responsable de consultar a profesionales sanitarios.<\/p><p class=\"p4\"><b>11. Reclamaciones<\/b><\/p><p class=\"p2\">11.1 Las reclamaciones deber\u00e1n comunicarse lo antes posible durante la estancia.<\/p><p class=\"p2\">11.2 Las reclamaciones por escrito deber\u00e1n presentarse dentro de los 7 d\u00edas posteriores al servicio.<\/p><p class=\"p2\">11.3 TDS responder\u00e1 en un plazo m\u00e1ximo de un mes.<\/p><p class=\"p4\"><b>12. Protecci\u00f3n de Datos<\/b><\/p><p class=\"p2\">12.1 Los datos personales ser\u00e1n tratados conforme al Reglamento General de Protecci\u00f3n de Datos (RGPD).<\/p><p class=\"p2\">12.2 El env\u00edo de comunicaciones comerciales requerir\u00e1 consentimiento expreso.<\/p><p class=\"p4\"><b>13. Im\u00e1genes y Grabaciones<\/b><\/p><p class=\"p2\">13.1 TDS podr\u00e1 utilizar im\u00e1genes de eventos con fines promocionales \u00fanicamente con consentimiento expreso del cliente.<\/p><p class=\"p2\">13.2 Las grabaciones realizadas durante tratamientos ser\u00e1n estrictamente confidenciales.<\/p><p class=\"p4\"><b>14. Propiedad Intelectual<\/b><\/p><p class=\"p2\">Todos los materiales facilitados por TDS est\u00e1n protegidos por derechos de propiedad intelectual y no podr\u00e1n reproducirse sin autorizaci\u00f3n escrita.<\/p><p class=\"p4\"><b>15. Legislaci\u00f3n Aplicable y Jurisdicci\u00f3n<\/b><\/p><p class=\"p2\">15.1 El presente contrato se rige por la legislaci\u00f3n espa\u00f1ola.<\/p><p class=\"p2\">15.2 Todas las controversias que surjan de o en relaci\u00f3n con el presente acuerdo estar\u00e1n sometidas a la jurisdicci\u00f3n exclusiva del tribunal competente dentro del \u00e1mbito territorial de TDS.<\/p>\t\t\t\t\t\t<\/div>\n\t\t\t\t<\/div>\n\t\t\t\t<div class=\"elementor-element elementor-element-d92d2ad elementor-widget-divider--view-line elementor-widget elementor-widget-divider\" data-id=\"d92d2ad\" data-element_type=\"widget\" data-widget_type=\"divider.default\">\n\t\t\t\t<div class=\"elementor-widget-container\">\n\t\t\t<style>\/*! elementor - v3.15.0 - 09-08-2023 *\/\n.elementor-widget-divider{--divider-border-style:none;--divider-border-width:1px;--divider-color:#0c0d0e;--divider-icon-size:20px;--divider-element-spacing:10px;--divider-pattern-height:24px;--divider-pattern-size:20px;--divider-pattern-url:none;--divider-pattern-repeat:repeat-x}.elementor-widget-divider .elementor-divider{display:flex}.elementor-widget-divider .elementor-divider__text{font-size:15px;line-height:1;max-width:95%}.elementor-widget-divider .elementor-divider__element{margin:0 var(--divider-element-spacing);flex-shrink:0}.elementor-widget-divider .elementor-icon{font-size:var(--divider-icon-size)}.elementor-widget-divider .elementor-divider-separator{display:flex;margin:0;direction:ltr}.elementor-widget-divider--view-line_icon .elementor-divider-separator,.elementor-widget-divider--view-line_text .elementor-divider-separator{align-items:center}.elementor-widget-divider--view-line_icon .elementor-divider-separator:after,.elementor-widget-divider--view-line_icon .elementor-divider-separator:before,.elementor-widget-divider--view-line_text .elementor-divider-separator:after,.elementor-widget-divider--view-line_text .elementor-divider-separator:before{display:block;content:\"\";border-bottom:0;flex-grow:1;border-top:var(--divider-border-width) var(--divider-border-style) var(--divider-color)}.elementor-widget-divider--element-align-left .elementor-divider .elementor-divider-separator>.elementor-divider__svg:first-of-type{flex-grow:0;flex-shrink:100}.elementor-widget-divider--element-align-left .elementor-divider-separator:before{content:none}.elementor-widget-divider--element-align-left .elementor-divider__element{margin-left:0}.elementor-widget-divider--element-align-right .elementor-divider .elementor-divider-separator>.elementor-divider__svg:last-of-type{flex-grow:0;flex-shrink:100}.elementor-widget-divider--element-align-right .elementor-divider-separator:after{content:none}.elementor-widget-divider--element-align-right .elementor-divider__element{margin-right:0}.elementor-widget-divider:not(.elementor-widget-divider--view-line_text):not(.elementor-widget-divider--view-line_icon) .elementor-divider-separator{border-top:var(--divider-border-width) var(--divider-border-style) var(--divider-color)}.elementor-widget-divider--separator-type-pattern{--divider-border-style:none}.elementor-widget-divider--separator-type-pattern.elementor-widget-divider--view-line .elementor-divider-separator,.elementor-widget-divider--separator-type-pattern:not(.elementor-widget-divider--view-line) .elementor-divider-separator:after,.elementor-widget-divider--separator-type-pattern:not(.elementor-widget-divider--view-line) .elementor-divider-separator:before,.elementor-widget-divider--separator-type-pattern:not([class*=elementor-widget-divider--view]) .elementor-divider-separator{width:100%;min-height:var(--divider-pattern-height);-webkit-mask-size:var(--divider-pattern-size) 100%;mask-size:var(--divider-pattern-size) 100%;-webkit-mask-repeat:var(--divider-pattern-repeat);mask-repeat:var(--divider-pattern-repeat);background-color:var(--divider-color);-webkit-mask-image:var(--divider-pattern-url);mask-image:var(--divider-pattern-url)}.elementor-widget-divider--no-spacing{--divider-pattern-size:auto}.elementor-widget-divider--bg-round{--divider-pattern-repeat:round}.rtl .elementor-widget-divider .elementor-divider__text{direction:rtl}.e-con-inner>.elementor-widget-divider,.e-con>.elementor-widget-divider{width:var(--container-widget-width,100%);--flex-grow:var(--container-widget-flex-grow)}<\/style>\t\t<div class=\"elementor-divider\">\n\t\t\t<span class=\"elementor-divider-separator\">\n\t\t\t\t\t\t<\/span>\n\t\t<\/div>\n\t\t\t\t<\/div>\n\t\t\t\t<\/div>\n\t\t\t\t\t<\/div>\n\t\t<\/div>\n\t\t\t\t\t\t\t<\/div>\n\t\t<\/section>\n\t\t\t\t\t<\/div>\n\t\t<\/div>\n\t\t\t\t\t\t\t<\/div>\n\t\t<\/section>\n\t\t\t\t\t\t\t<\/div>\n\t\t","protected":false},"excerpt":{"rendered":"<p>T\u00e9rminos y Condiciones T\u00c9RMINOS Y CONDICIONES GENERALES Torres de Selma SL \u00a0 1. Objeto y \u00e1mbito de aplicaci\u00f3n 1.1 Los presentes T\u00e9rminos y Condiciones Generales regulan todas las relaciones contractuales entre Torres de Selma SL (en adelante, \u201cTDS\u201d) y el [&hellip;]<\/p>\n","protected":false},"author":3,"featured_media":0,"parent":0,"menu_order":0,"comment_status":"closed","ping_status":"closed","template":"elementor_header_footer","meta":{"footnotes":""},"class_list":["post-5223","page","type-page","status-publish","hentry"],"_links":{"self":[{"href":"https:\/\/www.torresdeselma.com\/index.php?rest_route=\/wp\/v2\/pages\/5223","targetHints":{"allow":["GET"]}}],"collection":[{"href":"https:\/\/www.torresdeselma.com\/index.php?rest_route=\/wp\/v2\/pages"}],"about":[{"href":"https:\/\/www.torresdeselma.com\/index.php?rest_route=\/wp\/v2\/types\/page"}],"author":[{"embeddable":true,"href":"https:\/\/www.torresdeselma.com\/index.php?rest_route=\/wp\/v2\/users\/3"}],"replies":[{"embeddable":true,"href":"https:\/\/www.torresdeselma.com\/index.php?rest_route=%2Fwp%2Fv2%2Fcomments&post=5223"}],"version-history":[{"count":10,"href":"https:\/\/www.torresdeselma.com\/index.php?rest_route=\/wp\/v2\/pages\/5223\/revisions"}],"predecessor-version":[{"id":6622,"href":"https:\/\/www.torresdeselma.com\/index.php?rest_route=\/wp\/v2\/pages\/5223\/revisions\/6622"}],"wp:attachment":[{"href":"https:\/\/www.torresdeselma.com\/index.php?rest_route=%2Fwp%2Fv2%2Fmedia&parent=5223"}],"curies":[{"name":"wp","href":"https:\/\/api.w.org\/{rel}","templated":true}]}}